{"id":822,"date":"2022-05-15T17:29:22","date_gmt":"2022-05-15T22:29:22","guid":{"rendered":"https:\/\/maruridigital.com\/alpina\/website\/?page_id=822"},"modified":"2022-09-05T16:17:30","modified_gmt":"2022-09-05T21:17:30","slug":"contactenos","status":"publish","type":"page","link":"https:\/\/maruridigital.com\/alpina\/website\/contactenos\/","title":{"rendered":"Cont\u00e1ctanos"},"content":{"rendered":"\t\t<div data-elementor-type=\"wp-page\" data-elementor-id=\"822\" class=\"elementor elementor-822\">\n\t\t\t\t\t\t\t\t\t<header class=\"elementor-section elementor-top-section elementor-element elementor-element-78f57ff elementor-section-stretched elementor-section-boxed elementor-section-height-default elementor-section-height-default\" data-id=\"78f57ff\" data-element_type=\"section\" data-settings=\"{&quot;background_background&quot;:&quot;classic&quot;,&quot;stretch_section&quot;:&quot;section-stretched&quot;}\">\n\t\t\t\t\t\t<div class=\"elementor-container elementor-column-gap-default\">\n\t\t\t\t\t<div class=\"elementor-column elementor-col-100 elementor-top-column elementor-element elementor-element-a6578fc\" data-id=\"a6578fc\" data-element_type=\"column\">\n\t\t\t<div class=\"elementor-widget-wrap elementor-element-populated\">\n\t\t\t\t\t\t\t\t<div class=\"elementor-element elementor-element-a20b115 elementor-widget elementor-widget-shortcode\" data-id=\"a20b115\" data-element_type=\"widget\" data-widget_type=\"shortcode.default\">\n\t\t\t\t<div class=\"elementor-widget-container\">\n\t\t\t\t\t<div class=\"elementor-shortcode\"><div class=\"container\"><div class=\"breadcrumbs\" typeof=\"BreadcrumbList\"><!-- Breadcrumb NavXT 7.1.0 -->\n<span property=\"itemListElement\" typeof=\"ListItem\"><a property=\"item\" typeof=\"WebPage\" title=\"Go to Alpina.\" href=\"https:\/\/maruridigital.com\/alpina\/website\" class=\"home home-breadcrumb\" aria-current=\"page\"><!--span property=\"name\"&gt;Alpina &lt;\/span--> <\/a> <meta property=\"position\" content=\"1\"><\/span><\/div><\/div><\/div>\n\t\t\t\t<\/div>\n\t\t\t\t<\/div>\n\t\t\t\t\t<\/div>\n\t\t<\/div>\n\t\t\t\t\t\t\t<\/div>\n\t\t<\/header>\n\t\t\t\t<div class=\"elementor-section elementor-top-section elementor-element elementor-element-253a60d elementor-section-stretched container elementor-section-boxed elementor-section-height-default elementor-section-height-default\" data-id=\"253a60d\" data-element_type=\"section\" data-settings=\"{&quot;background_background&quot;:&quot;classic&quot;,&quot;stretch_section&quot;:&quot;section-stretched&quot;}\">\n\t\t\t\t\t\t\t<div class=\"elementor-background-overlay\"><\/div>\n\t\t\t\t\t\t\t<div class=\"elementor-container elementor-column-gap-default\">\n\t\t\t\t\t<div class=\"elementor-column elementor-col-100 elementor-top-column elementor-element elementor-element-67fe8c1\" data-id=\"67fe8c1\" data-element_type=\"column\" data-settings=\"{&quot;background_background&quot;:&quot;classic&quot;}\">\n\t\t\t<div class=\"elementor-widget-wrap elementor-element-populated\">\n\t\t\t\t\t\t\t\t<div class=\"elementor-element elementor-element-9c0697b elementor-widget elementor-widget-heading\" data-id=\"9c0697b\" data-element_type=\"widget\" data-widget_type=\"heading.default\">\n\t\t\t\t<div class=\"elementor-widget-container\">\n\t\t\t<style>\/*! elementor - v3.9.2 - 21-12-2022 *\/\n.elementor-heading-title{padding:0;margin:0;line-height:1}.elementor-widget-heading .elementor-heading-title[class*=elementor-size-]>a{color:inherit;font-size:inherit;line-height:inherit}.elementor-widget-heading .elementor-heading-title.elementor-size-small{font-size:15px}.elementor-widget-heading .elementor-heading-title.elementor-size-medium{font-size:19px}.elementor-widget-heading .elementor-heading-title.elementor-size-large{font-size:29px}.elementor-widget-heading .elementor-heading-title.elementor-size-xl{font-size:39px}.elementor-widget-heading .elementor-heading-title.elementor-size-xxl{font-size:59px}<\/style><h4 class=\"elementor-heading-title elementor-size-default\">Tienes alguna duda, escr\u00edbenos.<\/h4>\t\t<\/div>\n\t\t\t\t<\/div>\n\t\t\t\t\t<\/div>\n\t\t<\/div>\n\t\t\t\t\t\t\t<\/div>\n\t\t<\/div>\n\t\t\t\t<section class=\"elementor-section elementor-top-section elementor-element elementor-element-9392854 elementor-section-stretched elementor-section-boxed elementor-section-height-default elementor-section-height-default\" data-id=\"9392854\" data-element_type=\"section\" data-settings=\"{&quot;background_background&quot;:&quot;classic&quot;,&quot;stretch_section&quot;:&quot;section-stretched&quot;}\">\n\t\t\t\t\t\t<div class=\"elementor-container elementor-column-gap-default\">\n\t\t\t\t\t<div class=\"elementor-column elementor-col-100 elementor-top-column elementor-element elementor-element-27e272a form-contactenos\" data-id=\"27e272a\" data-element_type=\"column\" data-settings=\"{&quot;background_background&quot;:&quot;classic&quot;}\">\n\t\t\t<div class=\"elementor-widget-wrap elementor-element-populated\">\n\t\t\t\t\t\t\t\t<div class=\"elementor-element elementor-element-2fe41e8 elementor-widget elementor-widget-shortcode\" data-id=\"2fe41e8\" data-element_type=\"widget\" data-widget_type=\"shortcode.default\">\n\t\t\t\t<div class=\"elementor-widget-container\">\n\t\t\t\t\t<div class=\"elementor-shortcode\"><div class=\"wpcf7 no-js\" id=\"wpcf7-f835-o1\" lang=\"es-EC\" dir=\"ltr\">\n<div class=\"screen-reader-response\"><p role=\"status\" aria-live=\"polite\" aria-atomic=\"true\"><\/p> <ul><\/ul><\/div>\n<form action=\"\/alpina\/website\/wp-json\/wp\/v2\/pages\/822#wpcf7-f835-o1\" method=\"post\" class=\"wpcf7-form init\" aria-label=\"Contact form\" novalidate=\"novalidate\" data-status=\"init\">\n<div style=\"display: none;\">\n<input type=\"hidden\" name=\"_wpcf7\" value=\"835\" \/>\n<input type=\"hidden\" name=\"_wpcf7_version\" value=\"5.7.2\" \/>\n<input type=\"hidden\" name=\"_wpcf7_locale\" value=\"es_EC\" \/>\n<input type=\"hidden\" name=\"_wpcf7_unit_tag\" value=\"wpcf7-f835-o1\" \/>\n<input type=\"hidden\" name=\"_wpcf7_container_post\" value=\"0\" \/>\n<input type=\"hidden\" name=\"_wpcf7_posted_data_hash\" value=\"\" \/>\n<\/div>\n<span class=\"wpcf7-form-control-wrap\" data-name=\"your-name\"><input size=\"40\" class=\"wpcf7-form-control wpcf7-text wpcf7-validates-as-required\" aria-required=\"true\" aria-invalid=\"false\" placeholder=\"Nombre\" value=\"\" type=\"text\" name=\"your-name\" \/><\/span>\n<span class=\"wpcf7-form-control-wrap\" data-name=\"your-email\"><input size=\"40\" class=\"wpcf7-form-control wpcf7-text wpcf7-email wpcf7-validates-as-required wpcf7-validates-as-email\" aria-required=\"true\" aria-invalid=\"false\" placeholder=\"Correo Electr\u00f3nico\" value=\"\" type=\"email\" name=\"your-email\" \/><\/span>\n<span class=\"wpcf7-form-control-wrap\" data-name=\"your-message\"><textarea cols=\"40\" rows=\"10\" class=\"wpcf7-form-control wpcf7-textarea\" aria-invalid=\"false\" placeholder=\"Mensaje\" name=\"your-message\"><\/textarea><\/span>\n\n<input class=\"wpcf7-form-control has-spinner wpcf7-submit\" type=\"submit\" value=\"Enviar\" \/><div class=\"wpcf7-response-output\" aria-hidden=\"true\"><\/div><\/form><\/div><\/div>\n\t\t\t\t<\/div>\n\t\t\t\t<\/div>\n\t\t\t\t\t<\/div>\n\t\t<\/div>\n\t\t\t\t\t\t\t<\/div>\n\t\t<\/section>\n\t\t\t\t<section class=\"elementor-section elementor-top-section elementor-element elementor-element-51956fc elementor-section-stretched elementor-section-boxed elementor-section-height-default elementor-section-height-default\" data-id=\"51956fc\" data-element_type=\"section\" data-settings=\"{&quot;stretch_section&quot;:&quot;section-stretched&quot;}\">\n\t\t\t\t\t\t<div class=\"elementor-container elementor-column-gap-default\">\n\t\t\t\t\t<div class=\"elementor-column elementor-col-100 elementor-top-column elementor-element elementor-element-f486c70\" data-id=\"f486c70\" data-element_type=\"column\" data-settings=\"{&quot;background_background&quot;:&quot;classic&quot;}\">\n\t\t\t<div class=\"elementor-widget-wrap elementor-element-populated\">\n\t\t\t\t\t\t\t\t<div class=\"elementor-element elementor-element-90ef617 informacion elementor-widget elementor-widget-text-editor\" data-id=\"90ef617\" data-element_type=\"widget\" data-widget_type=\"text-editor.default\">\n\t\t\t\t<div class=\"elementor-widget-container\">\n\t\t\t<style>\/*! elementor - v3.9.2 - 21-12-2022 *\/\n.elementor-widget-text-editor.elementor-drop-cap-view-stacked .elementor-drop-cap{background-color:#818a91;color:#fff}.elementor-widget-text-editor.elementor-drop-cap-view-framed .elementor-drop-cap{color:#818a91;border:3px solid;background-color:transparent}.elementor-widget-text-editor:not(.elementor-drop-cap-view-default) .elementor-drop-cap{margin-top:8px}.elementor-widget-text-editor:not(.elementor-drop-cap-view-default) .elementor-drop-cap-letter{width:1em;height:1em}.elementor-widget-text-editor .elementor-drop-cap{float:left;text-align:center;line-height:1;font-size:50px}.elementor-widget-text-editor .elementor-drop-cap-letter{display:inline-block}<\/style>\t\t\t\t<h3><strong>Informaci\u00f3n<\/strong><\/h3><br>\n<h4><strong>Direcci\u00f3n:<\/strong><\/h4>\nAv. Rep\u00fablica N7-123 y Mart\u00edn Carri\u00f3n Edificio Pucar\u00e1. Piso 11.<br><br>\n<h4>Tel\u00e9fono:<\/h4>\n&#8211; (+593-2) 3975900<br>\n&#8211; 1800ALPINA<br><br>\n<h4>Email:<\/h4>\n<a href=\"mailto:info@alpinaecuador.com\">info@alpinaecuador.com<\/a>\t\t\t\t\t\t<\/div>\n\t\t\t\t<\/div>\n\t\t\t\t\t<\/div>\n\t\t<\/div>\n\t\t\t\t\t\t\t<\/div>\n\t\t<\/section>\n\t\t\t\t<section class=\"elementor-section elementor-top-section elementor-element elementor-element-5144f045 elementor-section-stretched elementor-section-full_width elementor-section-height-default elementor-section-height-default\" data-id=\"5144f045\" data-element_type=\"section\" id=\"enlaces-box\" data-settings=\"{&quot;stretch_section&quot;:&quot;section-stretched&quot;}\">\n\t\t\t\t\t\t<div class=\"elementor-container elementor-column-gap-default\">\n\t\t\t\t\t<div class=\"elementor-column elementor-col-100 elementor-top-column elementor-element elementor-element-1ed45c2c\" data-id=\"1ed45c2c\" data-element_type=\"column\">\n\t\t\t<div class=\"elementor-widget-wrap elementor-element-populated\">\n\t\t\t\t\t\t\t\t<div class=\"elementor-element elementor-element-467b9431 elementor-widget__width-inherit elementor-widget elementor-widget-heading\" data-id=\"467b9431\" data-element_type=\"widget\" data-widget_type=\"heading.default\">\n\t\t\t\t<div class=\"elementor-widget-container\">\n\t\t\t<h3 class=\"elementor-heading-title elementor-size-default\">Mira todo lo que Alpina tiene para ti<\/h3>\t\t<\/div>\n\t\t\t\t<\/div>\n\t\t\t\t\t<\/div>\n\t\t<\/div>\n\t\t\t\t\t\t\t<\/div>\n\t\t<\/section>\n\t\t\t\t<section class=\"elementor-section elementor-top-section elementor-element elementor-element-9778628 elementor-section-full_width elementor-section-height-default elementor-section-height-default\" data-id=\"9778628\" data-element_type=\"section\">\n\t\t\t\t\t\t<div class=\"elementor-container elementor-column-gap-default\">\n\t\t\t\t\t<div class=\"elementor-column elementor-col-100 elementor-top-column elementor-element elementor-element-0503913\" data-id=\"0503913\" data-element_type=\"column\">\n\t\t\t<div class=\"elementor-widget-wrap elementor-element-populated\">\n\t\t\t\t\t\t\t\t<div class=\"elementor-element elementor-element-6745f05 elementor-widget elementor-widget-shortcode\" data-id=\"6745f05\" data-element_type=\"widget\" data-widget_type=\"shortcode.default\">\n\t\t\t\t<div class=\"elementor-widget-container\">\n\t\t\t\t\t<div class=\"elementor-shortcode\"><div class=\"enlaces\">\r\n\t<div class=\"row\">\r\n\t\t<div class=\"col col-xl-10 offset-xl-1\">\r\n\t\t\t<div class=\"row row-cols-3 row-cols-md-6 align-items-center \">\r\n\r\n\r\n\r\n\t\t<a class=\"col text-center\" href=\"https:\/\/maruridigital.com\/alpina\/website\/quienes-somos\/\" ><img decoding=\"async\" class=\"d-flex mx-auto\" src=\"https:\/\/maruridigital.com\/alpina\/website\/wp-content\/uploads\/2022\/05\/quienes-somos.png\" \/><span>Quienes Somos<\/span><\/a>\t\r\n\r\n\r\n\t\t<a class=\"col text-center\" href=\"https:\/\/maruridigital.com\/alpina\/website\/#marcas\" ><img decoding=\"async\" class=\"d-flex mx-auto\" src=\"https:\/\/maruridigital.com\/alpina\/website\/wp-content\/uploads\/2022\/05\/productos.png\" \/><span>Productos<\/span><\/a>\t\r\n\r\n\r\n\t\t<a class=\"col text-center\" href=\"https:\/\/maruridigital.com\/alpina\/website\/comunidad\/\" ><img decoding=\"async\" class=\"d-flex mx-auto\" src=\"https:\/\/maruridigital.com\/alpina\/website\/wp-content\/uploads\/2022\/05\/comunidad.png\" \/><span>Comunidad<\/span><\/a>\t\r\n\r\n\r\n\t\t<a class=\"col text-center\" href=\"https:\/\/maruridigital.com\/alpina\/website\/comunidad\/#receta\" ><img decoding=\"async\" class=\"d-flex mx-auto\" src=\"https:\/\/maruridigital.com\/alpina\/website\/wp-content\/uploads\/2022\/05\/recetas.png\" \/><span>Recetas<\/span><\/a>\t\r\n\r\n\r\n\t\t<a class=\"col text-center\" href=\"https:\/\/maruridigital.com\/alpina\/website\/comunidad\/#noticias\" ><img decoding=\"async\" class=\"d-flex mx-auto\" src=\"https:\/\/maruridigital.com\/alpina\/website\/wp-content\/uploads\/2022\/05\/noticias.png\" \/><span>Noticias<\/span><\/a>\t\r\n\r\n\r\n\t\t<a class=\"col text-center\" href=\"https:\/\/maruridigital.com\/alpina\/website\/oferta-laboral\/\" ><img decoding=\"async\" class=\"d-flex mx-auto\" src=\"https:\/\/maruridigital.com\/alpina\/website\/wp-content\/uploads\/2022\/05\/empleo.png\" \/><span>Empleo<\/span><\/a>\t\t\t\t<\/div><!--row2-->\r\n\t\t<\/div><!--col1-->\r\n\t<\/div><!--row1-->\r\n<\/div><!--enlace--><\/div>\n\t\t\t\t<\/div>\n\t\t\t\t<\/div>\n\t\t\t\t\t<\/div>\n\t\t<\/div>\n\t\t\t\t\t\t\t<\/div>\n\t\t<\/section>\n\t\t\t\t\t\t\t<\/div>\n\t\t","protected":false},"excerpt":{"rendered":"<p>Tienes alguna duda, escr\u00edbenos. Informaci\u00f3n Direcci\u00f3n: Av. Rep\u00fablica N7-123 y Mart\u00edn Carri\u00f3n Edificio Pucar\u00e1. Piso 11. Tel\u00e9fono: &#8211; (+593-2) 3975900 &#8211; 1800ALPINA Email: info@alpinaecuador.com Mira todo lo que Alpina tiene para ti<\/p>\n","protected":false},"author":1,"featured_media":0,"parent":0,"menu_order":0,"comment_status":"closed","ping_status":"closed","template":"","meta":[],"acf":[],"_links":{"self":[{"href":"https:\/\/maruridigital.com\/alpina\/website\/wp-json\/wp\/v2\/pages\/822"}],"collection":[{"href":"https:\/\/maruridigital.com\/alpina\/website\/wp-json\/wp\/v2\/pages"}],"about":[{"href":"https:\/\/maruridigital.com\/alpina\/website\/wp-json\/wp\/v2\/types\/page"}],"author":[{"embeddable":true,"href":"https:\/\/maruridigital.com\/alpina\/website\/wp-json\/wp\/v2\/users\/1"}],"replies":[{"embeddable":true,"href":"https:\/\/maruridigital.com\/alpina\/website\/wp-json\/wp\/v2\/comments?post=822"}],"version-history":[{"count":398,"href":"https:\/\/maruridigital.com\/alpina\/website\/wp-json\/wp\/v2\/pages\/822\/revisions"}],"predecessor-version":[{"id":4635,"href":"https:\/\/maruridigital.com\/alpina\/website\/wp-json\/wp\/v2\/pages\/822\/revisions\/4635"}],"wp:attachment":[{"href":"https:\/\/maruridigital.com\/alpina\/website\/wp-json\/wp\/v2\/media?parent=822"}],"curies":[{"name":"wp","href":"https:\/\/api.w.org\/{rel}","templated":true}]}}