{"id":4839,"date":"2022-12-23T15:49:55","date_gmt":"2022-12-23T20:49:55","guid":{"rendered":"https:\/\/maruridigital.com\/alpina\/website\/password-reset\/"},"modified":"2022-12-23T18:44:58","modified_gmt":"2022-12-23T23:44:58","slug":"password-reset","status":"publish","type":"page","link":"https:\/\/maruridigital.com\/alpina\/website\/password-reset\/","title":{"rendered":"Restablecer la contrase\u00f1a"},"content":{"rendered":"\t\t<div data-elementor-type=\"wp-page\" data-elementor-id=\"4839\" class=\"elementor elementor-4839\">\n\t\t\t\t\t\t\t\t\t<section class=\"elementor-section elementor-top-section elementor-element elementor-element-9b920d9 elementor-section-boxed elementor-section-height-default elementor-section-height-default\" data-id=\"9b920d9\" data-element_type=\"section\" data-settings=\"{&quot;background_background&quot;:&quot;classic&quot;}\">\n\t\t\t\t\t\t<div class=\"elementor-container elementor-column-gap-default\">\n\t\t\t\t\t<div class=\"elementor-column elementor-col-100 elementor-top-column elementor-element elementor-element-fa99c5f\" data-id=\"fa99c5f\" data-element_type=\"column\">\n\t\t\t<div class=\"elementor-widget-wrap elementor-element-populated\">\n\t\t\t\t\t\t\t\t<div class=\"elementor-element elementor-element-0449ad7 elementor-widget elementor-widget-shortcode\" data-id=\"0449ad7\" data-element_type=\"widget\" data-widget_type=\"shortcode.default\">\n\t\t\t\t<div class=\"elementor-widget-container\">\n\t\t\t\t\t<div class=\"elementor-shortcode\"><div class=\"container\"><div class=\"breadcrumbs\" typeof=\"BreadcrumbList\"><!-- Breadcrumb NavXT 7.1.0 -->\n<span property=\"itemListElement\" typeof=\"ListItem\"><a property=\"item\" typeof=\"WebPage\" title=\"Go to Alpina.\" href=\"https:\/\/maruridigital.com\/alpina\/website\" class=\"home home-breadcrumb\" aria-current=\"page\"><!--span property=\"name\"&gt;Alpina &lt;\/span--> <\/a> <meta property=\"position\" content=\"1\"><\/span><\/div><\/div><\/div>\n\t\t\t\t<\/div>\n\t\t\t\t<\/div>\n\t\t\t\t\t<\/div>\n\t\t<\/div>\n\t\t\t\t\t\t\t<\/div>\n\t\t<\/section>\n\t\t\t\t<section class=\"elementor-section elementor-top-section elementor-element elementor-element-7a4dde4 elementor-section-boxed elementor-section-height-default elementor-section-height-default\" data-id=\"7a4dde4\" data-element_type=\"section\">\n\t\t\t\t\t\t<div class=\"elementor-container elementor-column-gap-default\">\n\t\t\t\t\t<div class=\"elementor-column elementor-col-100 elementor-top-column elementor-element elementor-element-142031e7\" data-id=\"142031e7\" data-element_type=\"column\" data-settings=\"{&quot;background_background&quot;:&quot;classic&quot;}\">\n\t\t\t<div class=\"elementor-widget-wrap elementor-element-populated\">\n\t\t\t\t\t\t\t\t<div class=\"elementor-element elementor-element-8f139fc elementor-widget elementor-widget-heading\" data-id=\"8f139fc\" data-element_type=\"widget\" data-widget_type=\"heading.default\">\n\t\t\t\t<div class=\"elementor-widget-container\">\n\t\t\t<style>\/*! elementor - v3.9.2 - 21-12-2022 *\/\n.elementor-heading-title{padding:0;margin:0;line-height:1}.elementor-widget-heading .elementor-heading-title[class*=elementor-size-]>a{color:inherit;font-size:inherit;line-height:inherit}.elementor-widget-heading .elementor-heading-title.elementor-size-small{font-size:15px}.elementor-widget-heading .elementor-heading-title.elementor-size-medium{font-size:19px}.elementor-widget-heading .elementor-heading-title.elementor-size-large{font-size:29px}.elementor-widget-heading .elementor-heading-title.elementor-size-xl{font-size:39px}.elementor-widget-heading .elementor-heading-title.elementor-size-xxl{font-size:59px}<\/style><h4 class=\"elementor-heading-title elementor-size-default\">Restablece la contrase\u00f1a<\/h4>\t\t<\/div>\n\t\t\t\t<\/div>\n\t\t\t\t<div class=\"elementor-element elementor-element-5449a515 elementor-widget elementor-widget-text-editor\" data-id=\"5449a515\" data-element_type=\"widget\" data-widget_type=\"text-editor.default\">\n\t\t\t\t<div class=\"elementor-widget-container\">\n\t\t\t<style>\/*! elementor - v3.9.2 - 21-12-2022 *\/\n.elementor-widget-text-editor.elementor-drop-cap-view-stacked .elementor-drop-cap{background-color:#818a91;color:#fff}.elementor-widget-text-editor.elementor-drop-cap-view-framed .elementor-drop-cap{color:#818a91;border:3px solid;background-color:transparent}.elementor-widget-text-editor:not(.elementor-drop-cap-view-default) .elementor-drop-cap{margin-top:8px}.elementor-widget-text-editor:not(.elementor-drop-cap-view-default) .elementor-drop-cap-letter{width:1em;height:1em}.elementor-widget-text-editor .elementor-drop-cap{float:left;text-align:center;line-height:1;font-size:50px}.elementor-widget-text-editor .elementor-drop-cap-letter{display:inline-block}<\/style>\t\t\t\t\r\n<div class=\"um um-password um-um_password_id\">\r\n\t<div class=\"um-form\">\r\n\t\t<form method=\"post\" action=\"\">\r\n\t\t\t\r\n\t\t\t\t<input type=\"hidden\" name=\"_um_password_reset\" id=\"_um_password_reset\" value=\"1\" \/>\r\n\r\n\t\t\t\t\t\t\t\t\t<div class=\"um-field um-field-block um-field-type_block\">\r\n\t\t\t\t\t\t<div class=\"um-field-block\">\r\n\t\t\t\t\t\t\t<div style=\"text-align:center;\">\r\n\t\t\t\t\t\t\t\tPara restablecer tu contrase\u00f1a, por favor, introduce a continuaci\u00f3n tu direcci\u00f3n de correo electr\u00f3nico o nombre de usuario.\t\t\t\t\t\t\t<\/div>\r\n\t\t\t\t\t\t<\/div>\r\n\t\t\t\t\t<\/div>\r\n\t\t\t\t<div  id=\"um_field_um_password_id_username_b\" class=\"um-field um-field-text  um-field-username_b um-field-text um-field-type_text\" data-key=\"username_b\"><div class=\"um-field-area\"><input  autocomplete=\"off\" class=\"um-form-field valid \" type=\"text\" name=\"username_b\" id=\"username_b\" value=\"\" placeholder=\"Introduce tu nombre de usuario o correo electr\u00f3nico\" data-validate=\"\" data-key=\"username_b\" \/>\r\n\r\n\t\t\t\t\t\t<\/div><\/div>\r\n\t\t\t\t<div class=\"um-col-alt um-col-alt-b\">\r\n\r\n\t\t\t\t\t<div class=\"um-center\">\r\n\t\t\t\t\t\t<input type=\"submit\" value=\"Reset password\" class=\"um-button\" id=\"um-submit-btn\" \/>\r\n\t\t\t\t\t<\/div>\r\n\r\n\t\t\t\t\t<div class=\"um-clear\"><\/div>\r\n\r\n\t\t\t\t<\/div>\r\n\r\n\t\t\t\t\t\t<input type=\"hidden\" name=\"form_id\" id=\"form_id_um_password_id\" value=\"um_password_id\" \/>\r\n\t\r\n\t<p class=\"um_request_name\">\r\n\t\t<label for=\"um_request_um_password_id\">Only fill in if you are not human<\/label>\r\n\t\t<input type=\"hidden\" name=\"um_request\" id=\"um_request_um_password_id\" class=\"input\" value=\"\" size=\"25\" autocomplete=\"off\" \/>\r\n\t<\/p>\r\n\r\n\t\t\t<\/form>\r\n\t<\/div>\r\n<\/div>\r\n<style type=\"text\/css\">\r\n.um-um_password_id.um {\r\n\tmax-width: 450px;\r\n}<\/style>\r\n\t\t\t\t\t\t<\/div>\n\t\t\t\t<\/div>\n\t\t\t\t\t<\/div>\n\t\t<\/div>\n\t\t\t\t\t\t\t<\/div>\n\t\t<\/section>\n\t\t\t\t\t\t\t<\/div>\n\t\t","protected":false},"excerpt":{"rendered":"<p>Restablece la contrase\u00f1a<\/p>\n","protected":false},"author":1,"featured_media":0,"parent":0,"menu_order":0,"comment_status":"closed","ping_status":"closed","template":"","meta":[],"acf":[],"_links":{"self":[{"href":"https:\/\/maruridigital.com\/alpina\/website\/wp-json\/wp\/v2\/pages\/4839"}],"collection":[{"href":"https:\/\/maruridigital.com\/alpina\/website\/wp-json\/wp\/v2\/pages"}],"about":[{"href":"https:\/\/maruridigital.com\/alpina\/website\/wp-json\/wp\/v2\/types\/page"}],"author":[{"embeddable":true,"href":"https:\/\/maruridigital.com\/alpina\/website\/wp-json\/wp\/v2\/users\/1"}],"replies":[{"embeddable":true,"href":"https:\/\/maruridigital.com\/alpina\/website\/wp-json\/wp\/v2\/comments?post=4839"}],"version-history":[{"count":15,"href":"https:\/\/maruridigital.com\/alpina\/website\/wp-json\/wp\/v2\/pages\/4839\/revisions"}],"predecessor-version":[{"id":4899,"href":"https:\/\/maruridigital.com\/alpina\/website\/wp-json\/wp\/v2\/pages\/4839\/revisions\/4899"}],"wp:attachment":[{"href":"https:\/\/maruridigital.com\/alpina\/website\/wp-json\/wp\/v2\/media?parent=4839"}],"curies":[{"name":"wp","href":"https:\/\/api.w.org\/{rel}","templated":true}]}}