{"id":1041,"date":"2022-05-16T20:01:25","date_gmt":"2022-05-17T01:01:25","guid":{"rendered":"https:\/\/maruridigital.com\/alpina\/website\/?page_id=1041"},"modified":"2022-12-14T14:57:31","modified_gmt":"2022-12-14T19:57:31","slug":"oferta-laboral","status":"publish","type":"page","link":"https:\/\/maruridigital.com\/alpina\/website\/oferta-laboral\/","title":{"rendered":"Oferta Laboral"},"content":{"rendered":"\t\t<div data-elementor-type=\"wp-page\" data-elementor-id=\"1041\" class=\"elementor elementor-1041\">\n\t\t\t\t\t\t\t\t\t<section class=\"elementor-section elementor-top-section elementor-element elementor-element-56278ae elementor-section-boxed elementor-section-height-default elementor-section-height-default\" data-id=\"56278ae\" data-element_type=\"section\" data-settings=\"{&quot;background_background&quot;:&quot;classic&quot;}\">\n\t\t\t\t\t\t<div class=\"elementor-container elementor-column-gap-default\">\n\t\t\t\t\t<div class=\"elementor-column elementor-col-100 elementor-top-column elementor-element elementor-element-5ad8e10\" data-id=\"5ad8e10\" data-element_type=\"column\">\n\t\t\t<div class=\"elementor-widget-wrap elementor-element-populated\">\n\t\t\t\t\t\t\t\t<div class=\"elementor-element elementor-element-33200a2 elementor-widget elementor-widget-shortcode\" data-id=\"33200a2\" data-element_type=\"widget\" data-widget_type=\"shortcode.default\">\n\t\t\t\t<div class=\"elementor-widget-container\">\n\t\t\t\t\t<div class=\"elementor-shortcode\"><div class=\"container\"><div class=\"breadcrumbs\" typeof=\"BreadcrumbList\"><!-- Breadcrumb NavXT 7.1.0 -->\n<span property=\"itemListElement\" typeof=\"ListItem\"><a property=\"item\" typeof=\"WebPage\" title=\"Go to Alpina.\" href=\"https:\/\/maruridigital.com\/alpina\/website\" class=\"home home-breadcrumb\" aria-current=\"page\"><!--span property=\"name\"&gt;Alpina &lt;\/span--> <\/a> <meta property=\"position\" content=\"1\"><\/span><\/div><\/div><\/div>\n\t\t\t\t<\/div>\n\t\t\t\t<\/div>\n\t\t\t\t\t<\/div>\n\t\t<\/div>\n\t\t\t\t\t\t\t<\/div>\n\t\t<\/section>\n\t\t\t\t<section class=\"elementor-section elementor-top-section elementor-element elementor-element-b9056bc elementor-section-boxed elementor-section-height-default elementor-section-height-default\" data-id=\"b9056bc\" data-element_type=\"section\">\n\t\t\t\t\t\t<div class=\"elementor-container elementor-column-gap-default\">\n\t\t\t\t\t<div class=\"elementor-column elementor-col-100 elementor-top-column elementor-element elementor-element-3fa9d14\" data-id=\"3fa9d14\" data-element_type=\"column\">\n\t\t\t<div class=\"elementor-widget-wrap elementor-element-populated\">\n\t\t\t\t\t\t\t\t<div class=\"elementor-element elementor-element-28a3d3f elementor-widget elementor-widget-heading\" data-id=\"28a3d3f\" data-element_type=\"widget\" data-widget_type=\"heading.default\">\n\t\t\t\t<div class=\"elementor-widget-container\">\n\t\t\t<style>\/*! elementor - v3.9.2 - 21-12-2022 *\/\n.elementor-heading-title{padding:0;margin:0;line-height:1}.elementor-widget-heading .elementor-heading-title[class*=elementor-size-]>a{color:inherit;font-size:inherit;line-height:inherit}.elementor-widget-heading .elementor-heading-title.elementor-size-small{font-size:15px}.elementor-widget-heading .elementor-heading-title.elementor-size-medium{font-size:19px}.elementor-widget-heading .elementor-heading-title.elementor-size-large{font-size:29px}.elementor-widget-heading .elementor-heading-title.elementor-size-xl{font-size:39px}.elementor-widget-heading .elementor-heading-title.elementor-size-xxl{font-size:59px}<\/style><h3 class=\"elementor-heading-title elementor-size-default\">Quieres trabajar con nosotros<\/h3>\t\t<\/div>\n\t\t\t\t<\/div>\n\t\t\t\t\t<\/div>\n\t\t<\/div>\n\t\t\t\t\t\t\t<\/div>\n\t\t<\/section>\n\t\t\t\t<section class=\"elementor-section elementor-top-section elementor-element elementor-element-499ed9d elementor-section-boxed elementor-section-height-default elementor-section-height-default\" data-id=\"499ed9d\" data-element_type=\"section\" data-settings=\"{&quot;background_background&quot;:&quot;classic&quot;}\">\n\t\t\t\t\t\t<div class=\"elementor-container elementor-column-gap-default\">\n\t\t\t\t\t<div class=\"elementor-column elementor-col-100 elementor-top-column elementor-element elementor-element-b86f1db\" data-id=\"b86f1db\" data-element_type=\"column\" data-settings=\"{&quot;background_background&quot;:&quot;classic&quot;}\">\n\t\t\t<div class=\"elementor-widget-wrap elementor-element-populated\">\n\t\t\t\t\t\t\t\t<div class=\"elementor-element elementor-element-18cfcd2 elementor-widget elementor-widget-shortcode\" data-id=\"18cfcd2\" data-element_type=\"widget\" data-widget_type=\"shortcode.default\">\n\t\t\t\t<div class=\"elementor-widget-container\">\n\t\t\t\t\t<div class=\"elementor-shortcode\"><div class=\"empleo\">\r\n\t<input type=\"radio\" name=\"position\"  \/><input type=\"radio\" name=\"position\" checked \/><input type=\"radio\" name=\"position\"  \/>\t<main id=\"carousel\">\r\n\t\t<div class=\"item\"><div><img decoding=\"async\" src=\"https:\/\/maruridigital.com\/alpina\/website\/wp-content\/uploads\/2022\/05\/icono-analista.png\" \/><\/div><div><span>Ayudante CEDI<\/span><span class=\"subtitulo\">SAN GABRIEL<\/span><span class=\"year\">1 Vacante<\/span><\/div><\/div><div class=\"item\"><div><img decoding=\"async\" src=\"https:\/\/maruridigital.com\/alpina\/website\/wp-content\/uploads\/2022\/05\/icono-ventas.png\" \/><\/div><div><span>Ayudante de Producci\u00f3n<\/span><span class=\"subtitulo\">MACHACHI<\/span><span class=\"year\">2 Vacantes<\/span><\/div><\/div><div class=\"item\"><div><img decoding=\"async\" src=\"https:\/\/maruridigital.com\/alpina\/website\/wp-content\/uploads\/2022\/05\/icono-bodeguero.png\" \/><\/div><div><span>Supervisor de ventas TAT & Distribuidores<\/span><span class=\"subtitulo\">QUITO<\/span><span class=\"year\">1 Vacante<\/span><\/div><\/div>\t<\/main>\r\n<\/div><!--empleo-->\r\n\r\n\r\n\t\t\t\r\n<\/div>\n\t\t\t\t<\/div>\n\t\t\t\t<\/div>\n\t\t\t\t\t<\/div>\n\t\t<\/div>\n\t\t\t\t\t\t\t<\/div>\n\t\t<\/section>\n\t\t\t\t<section class=\"elementor-section elementor-top-section elementor-element elementor-element-936daf3 oferta-laborales elementor-section-boxed elementor-section-height-default elementor-section-height-default\" data-id=\"936daf3\" data-element_type=\"section\">\n\t\t\t\t\t\t<div class=\"elementor-container elementor-column-gap-default\">\n\t\t\t\t\t<div class=\"elementor-column elementor-col-100 elementor-top-column elementor-element elementor-element-aa2244b\" data-id=\"aa2244b\" data-element_type=\"column\" data-settings=\"{&quot;background_background&quot;:&quot;classic&quot;}\">\n\t\t\t<div class=\"elementor-widget-wrap elementor-element-populated\">\n\t\t\t\t\t\t\t\t<div class=\"elementor-element elementor-element-d90807c lines-effect elementor-widget elementor-widget-heading\" data-id=\"d90807c\" data-element_type=\"widget\" data-widget_type=\"heading.default\">\n\t\t\t\t<div class=\"elementor-widget-container\">\n\t\t\t<h6 class=\"elementor-heading-title elementor-size-default\">Ofertas Laborales<\/h6>\t\t<\/div>\n\t\t\t\t<\/div>\n\t\t\t\t\t<\/div>\n\t\t<\/div>\n\t\t\t\t\t\t\t<\/div>\n\t\t<\/section>\n\t\t\t\t<section class=\"elementor-section elementor-top-section elementor-element elementor-element-7762f22 elementor-section-boxed elementor-section-height-default elementor-section-height-default\" data-id=\"7762f22\" data-element_type=\"section\">\n\t\t\t\t\t\t<div class=\"elementor-container elementor-column-gap-default\">\n\t\t\t\t\t<div class=\"elementor-column elementor-col-100 elementor-top-column elementor-element elementor-element-c3cb6e5 form-empleo\" data-id=\"c3cb6e5\" data-element_type=\"column\" data-settings=\"{&quot;background_background&quot;:&quot;classic&quot;}\">\n\t\t\t<div class=\"elementor-widget-wrap elementor-element-populated\">\n\t\t\t\t\t\t\t\t<div class=\"elementor-element elementor-element-58f2a9d elementor-widget elementor-widget-shortcode\" data-id=\"58f2a9d\" data-element_type=\"widget\" data-widget_type=\"shortcode.default\">\n\t\t\t\t<div class=\"elementor-widget-container\">\n\t\t\t\t\t<div class=\"elementor-shortcode\"><div class=\"wpcf7 no-js\" id=\"wpcf7-f1020-o1\" lang=\"es-EC\" dir=\"ltr\">\n<div class=\"screen-reader-response\"><p role=\"status\" aria-live=\"polite\" aria-atomic=\"true\"><\/p> <ul><\/ul><\/div>\n<form action=\"\/alpina\/website\/wp-json\/wp\/v2\/pages\/1041#wpcf7-f1020-o1\" method=\"post\" class=\"wpcf7-form init\" aria-label=\"Contact form\" enctype=\"multipart\/form-data\" novalidate=\"novalidate\" data-status=\"init\">\n<div style=\"display: none;\">\n<input type=\"hidden\" name=\"_wpcf7\" value=\"1020\" \/>\n<input type=\"hidden\" name=\"_wpcf7_version\" value=\"5.7.2\" \/>\n<input type=\"hidden\" name=\"_wpcf7_locale\" value=\"es_EC\" \/>\n<input type=\"hidden\" name=\"_wpcf7_unit_tag\" value=\"wpcf7-f1020-o1\" \/>\n<input type=\"hidden\" name=\"_wpcf7_container_post\" value=\"0\" \/>\n<input type=\"hidden\" name=\"_wpcf7_posted_data_hash\" value=\"\" \/>\n<\/div>\n<span class=\"wpcf7-form-control-wrap\" data-name=\"your-name\"><input size=\"40\" class=\"wpcf7-form-control wpcf7-text wpcf7-validates-as-required\" aria-required=\"true\" aria-invalid=\"false\" placeholder=\"Nombre\" value=\"\" type=\"text\" name=\"your-name\" \/><\/span>\n\n<span class=\"wpcf7-form-control-wrap\" data-name=\"your-email\"><input size=\"40\" class=\"wpcf7-form-control wpcf7-text wpcf7-email wpcf7-validates-as-required wpcf7-validates-as-email\" aria-required=\"true\" aria-invalid=\"false\" placeholder=\"Correo Electr\u00f3nico\" value=\"\" type=\"email\" name=\"your-email\" \/><\/span>\n\n<span class=\"wpcf7-form-control-wrap\" data-name=\"jobs\"><select class=\"wpcf7-form-control wpcf7-select wpcf7-validates-as-required\" aria-required=\"true\" aria-invalid=\"false\" name=\"jobs\"><option value=\"Cargo al que aplica\">Cargo al que aplica<\/option><option value=\"Ayudante CEDI\">Ayudante CEDI<\/option><option value=\"Ayudante de Producci\u00f3n\">Ayudante de Producci\u00f3n<\/option><option value=\"Supervisor de ventas TAT &amp; Distribuidores\">Supervisor de ventas TAT &amp; Distribuidores<\/option><\/select><\/span>\n\n<span class=\"wpcf7-form-control-wrap\" data-name=\"telefono\"><input size=\"40\" class=\"wpcf7-form-control wpcf7-text wpcf7-tel wpcf7-validates-as-required wpcf7-validates-as-tel\" aria-required=\"true\" aria-invalid=\"false\" placeholder=\"Telef\u00f3no celular\" value=\"\" type=\"tel\" name=\"telefono\" \/><\/span>\n\n<span class=\"wpcf7-form-control-wrap\" data-name=\"your-message\"><textarea cols=\"40\" rows=\"10\" class=\"wpcf7-form-control wpcf7-textarea\" aria-invalid=\"false\" placeholder=\"Mensaje\" name=\"your-message\"><\/textarea><\/span> \n<label>Sube tu CV\n<span class=\"wpcf7-form-control-wrap\" data-name=\"file\"><input size=\"40\" class=\"wpcf7-form-control wpcf7-file\" accept=\".pdf\" aria-invalid=\"false\" type=\"file\" name=\"file\" \/><\/span><\/label>\n<p>*Subir PDF, l\u00edmite de archivo 2mb<\/p>\n<input class=\"wpcf7-form-control has-spinner wpcf7-submit\" type=\"submit\" value=\"Enviar\" \/><div class=\"wpcf7-response-output\" aria-hidden=\"true\"><\/div><\/form><\/div><\/div>\n\t\t\t\t<\/div>\n\t\t\t\t<\/div>\n\t\t\t\t\t<\/div>\n\t\t<\/div>\n\t\t\t\t\t\t\t<\/div>\n\t\t<\/section>\n\t\t\t\t<section class=\"elementor-section elementor-top-section elementor-element elementor-element-bc930c6 elementor-section-boxed elementor-section-height-default elementor-section-height-default\" data-id=\"bc930c6\" data-element_type=\"section\">\n\t\t\t\t\t\t<div class=\"elementor-container elementor-column-gap-default\">\n\t\t\t\t\t<div class=\"elementor-column elementor-col-100 elementor-top-column elementor-element elementor-element-0668f2e informacion\" data-id=\"0668f2e\" data-element_type=\"column\" data-settings=\"{&quot;background_background&quot;:&quot;classic&quot;}\">\n\t\t\t<div class=\"elementor-widget-wrap elementor-element-populated\">\n\t\t\t\t\t\t\t\t<div class=\"elementor-element elementor-element-9c65a21 informacion elementor-widget elementor-widget-text-editor\" data-id=\"9c65a21\" data-element_type=\"widget\" data-widget_type=\"text-editor.default\">\n\t\t\t\t<div class=\"elementor-widget-container\">\n\t\t\t<style>\/*! elementor - v3.9.2 - 21-12-2022 *\/\n.elementor-widget-text-editor.elementor-drop-cap-view-stacked .elementor-drop-cap{background-color:#818a91;color:#fff}.elementor-widget-text-editor.elementor-drop-cap-view-framed .elementor-drop-cap{color:#818a91;border:3px solid;background-color:transparent}.elementor-widget-text-editor:not(.elementor-drop-cap-view-default) .elementor-drop-cap{margin-top:8px}.elementor-widget-text-editor:not(.elementor-drop-cap-view-default) .elementor-drop-cap-letter{width:1em;height:1em}.elementor-widget-text-editor .elementor-drop-cap{float:left;text-align:center;line-height:1;font-size:50px}.elementor-widget-text-editor .elementor-drop-cap-letter{display:inline-block}<\/style>\t\t\t\t<h3><strong>Informaci\u00f3n<\/strong><\/h3><br>\n<h4><strong>Direcci\u00f3n:<\/strong><\/h4>\nAv. Rep\u00fablica N7-123 y Mart\u00edn Carri\u00f3n Edificio Pucar\u00e1. Piso 11.<br><br>\n<h4>Tel\u00e9fono:<\/h4>\n&#8211; (+593-2) 3975900<br>\n&#8211; 1800ALPINA<br><br>\n<h4>Email:<\/h4>\n<a href=\"mailto:info@alpinaecuador.com\">info@alpinaecuador.com<\/a>\t\t\t\t\t\t<\/div>\n\t\t\t\t<\/div>\n\t\t\t\t\t<\/div>\n\t\t<\/div>\n\t\t\t\t\t\t\t<\/div>\n\t\t<\/section>\n\t\t\t\t<section class=\"elementor-section elementor-top-section elementor-element elementor-element-44f8395 elementor-section-full_width elementor-section-stretched elementor-section-height-default elementor-section-height-default\" data-id=\"44f8395\" data-element_type=\"section\" data-settings=\"{&quot;stretch_section&quot;:&quot;section-stretched&quot;}\">\n\t\t\t\t\t\t<div class=\"elementor-container elementor-column-gap-default\">\n\t\t\t\t\t<div class=\"elementor-column elementor-col-100 elementor-top-column elementor-element elementor-element-b6bf869\" data-id=\"b6bf869\" data-element_type=\"column\">\n\t\t\t<div class=\"elementor-widget-wrap elementor-element-populated\">\n\t\t\t\t\t\t\t\t<div class=\"elementor-element elementor-element-52fd4ab elementor-widget elementor-widget-heading\" data-id=\"52fd4ab\" data-element_type=\"widget\" data-widget_type=\"heading.default\">\n\t\t\t\t<div class=\"elementor-widget-container\">\n\t\t\t<h3 class=\"elementor-heading-title elementor-size-default\">Mira todo lo que Alpina tiene para ti<\/h3>\t\t<\/div>\n\t\t\t\t<\/div>\n\t\t\t\t\t<\/div>\n\t\t<\/div>\n\t\t\t\t\t\t\t<\/div>\n\t\t<\/section>\n\t\t\t\t<section class=\"elementor-section elementor-top-section elementor-element elementor-element-690fd1e elementor-section-full_width elementor-section-stretched elementor-section-height-default elementor-section-height-default\" data-id=\"690fd1e\" data-element_type=\"section\" data-settings=\"{&quot;stretch_section&quot;:&quot;section-stretched&quot;}\">\n\t\t\t\t\t\t<div class=\"elementor-container elementor-column-gap-default\">\n\t\t\t\t\t<div class=\"elementor-column elementor-col-100 elementor-top-column elementor-element elementor-element-5c417b0\" data-id=\"5c417b0\" data-element_type=\"column\">\n\t\t\t<div class=\"elementor-widget-wrap elementor-element-populated\">\n\t\t\t\t\t\t\t\t<div class=\"elementor-element elementor-element-09dc255 elementor-widget elementor-widget-shortcode\" data-id=\"09dc255\" data-element_type=\"widget\" data-widget_type=\"shortcode.default\">\n\t\t\t\t<div class=\"elementor-widget-container\">\n\t\t\t\t\t<div class=\"elementor-shortcode\"><div class=\"enlaces\">\r\n\t<div class=\"row\">\r\n\t\t<div class=\"col col-xl-10 offset-xl-1\">\r\n\t\t\t<div class=\"row row-cols-3 row-cols-md-6 align-items-center \">\r\n\r\n\r\n\r\n\t\t<a class=\"col text-center\" href=\"https:\/\/maruridigital.com\/alpina\/website\/quienes-somos\/\" ><img decoding=\"async\" class=\"d-flex mx-auto\" src=\"https:\/\/maruridigital.com\/alpina\/website\/wp-content\/uploads\/2022\/05\/quienes-somos.png\" \/><span>Quienes Somos<\/span><\/a>\t\r\n\r\n\r\n\t\t<a class=\"col text-center\" href=\"https:\/\/maruridigital.com\/alpina\/website\/#marcas\" ><img decoding=\"async\" class=\"d-flex mx-auto\" src=\"https:\/\/maruridigital.com\/alpina\/website\/wp-content\/uploads\/2022\/05\/productos.png\" \/><span>Productos<\/span><\/a>\t\r\n\r\n\r\n\t\t<a class=\"col text-center\" href=\"https:\/\/maruridigital.com\/alpina\/website\/comunidad\/\" ><img decoding=\"async\" class=\"d-flex mx-auto\" src=\"https:\/\/maruridigital.com\/alpina\/website\/wp-content\/uploads\/2022\/05\/comunidad.png\" \/><span>Comunidad<\/span><\/a>\t\r\n\r\n\r\n\t\t<a class=\"col text-center\" href=\"https:\/\/maruridigital.com\/alpina\/website\/comunidad\/#receta\" ><img decoding=\"async\" class=\"d-flex mx-auto\" src=\"https:\/\/maruridigital.com\/alpina\/website\/wp-content\/uploads\/2022\/05\/recetas.png\" \/><span>Recetas<\/span><\/a>\t\r\n\r\n\r\n\t\t<a class=\"col text-center\" href=\"https:\/\/maruridigital.com\/alpina\/website\/comunidad\/#noticias\" ><img decoding=\"async\" class=\"d-flex mx-auto\" src=\"https:\/\/maruridigital.com\/alpina\/website\/wp-content\/uploads\/2022\/05\/noticias.png\" \/><span>Noticias<\/span><\/a>\t\r\n\r\n\r\n\t\t<a class=\"col text-center\" href=\"https:\/\/maruridigital.com\/alpina\/website\/oferta-laboral\/\" ><img decoding=\"async\" class=\"d-flex mx-auto\" src=\"https:\/\/maruridigital.com\/alpina\/website\/wp-content\/uploads\/2022\/05\/empleo.png\" \/><span>Empleo<\/span><\/a>\t\t\t\t<\/div><!--row2-->\r\n\t\t<\/div><!--col1-->\r\n\t<\/div><!--row1-->\r\n<\/div><!--enlace--><\/div>\n\t\t\t\t<\/div>\n\t\t\t\t<\/div>\n\t\t\t\t\t<\/div>\n\t\t<\/div>\n\t\t\t\t\t\t\t<\/div>\n\t\t<\/section>\n\t\t\t\t\t\t\t<\/div>\n\t\t","protected":false},"excerpt":{"rendered":"<p>Quieres trabajar con nosotros Ofertas Laborales Informaci\u00f3n Direcci\u00f3n: Av. Rep\u00fablica N7-123 y Mart\u00edn Carri\u00f3n Edificio Pucar\u00e1. Piso 11. Tel\u00e9fono: &#8211; (+593-2) 3975900 &#8211; 1800ALPINA Email: info@alpinaecuador.com Mira todo lo que Alpina tiene para ti<\/p>\n","protected":false},"author":1,"featured_media":0,"parent":0,"menu_order":0,"comment_status":"closed","ping_status":"closed","template":"","meta":[],"acf":[],"_links":{"self":[{"href":"https:\/\/maruridigital.com\/alpina\/website\/wp-json\/wp\/v2\/pages\/1041"}],"collection":[{"href":"https:\/\/maruridigital.com\/alpina\/website\/wp-json\/wp\/v2\/pages"}],"about":[{"href":"https:\/\/maruridigital.com\/alpina\/website\/wp-json\/wp\/v2\/types\/page"}],"author":[{"embeddable":true,"href":"https:\/\/maruridigital.com\/alpina\/website\/wp-json\/wp\/v2\/users\/1"}],"replies":[{"embeddable":true,"href":"https:\/\/maruridigital.com\/alpina\/website\/wp-json\/wp\/v2\/comments?post=1041"}],"version-history":[{"count":251,"href":"https:\/\/maruridigital.com\/alpina\/website\/wp-json\/wp\/v2\/pages\/1041\/revisions"}],"predecessor-version":[{"id":4785,"href":"https:\/\/maruridigital.com\/alpina\/website\/wp-json\/wp\/v2\/pages\/1041\/revisions\/4785"}],"wp:attachment":[{"href":"https:\/\/maruridigital.com\/alpina\/website\/wp-json\/wp\/v2\/media?parent=1041"}],"curies":[{"name":"wp","href":"https:\/\/api.w.org\/{rel}","templated":true}]}}